{"id":6328,"date":"2013-12-30T21:34:05","date_gmt":"2013-12-30T21:34:05","guid":{"rendered":"http:\/\/argoxinexpert.com\/site\/?page_id=6328"},"modified":"2015-01-11T00:37:14","modified_gmt":"2015-01-10T22:37:14","slug":"abrazive","status":"publish","type":"page","link":"https:\/\/argoxinexpert.com\/site\/produse\/abrazive\/","title":{"rendered":"abrazive"},"content":{"rendered":"<p><code>\t\t\t\t\t\t<div class=\"gallery_box_single\">\n\t\t\t\t\t\t\t\t\t\t\t\t\t\t\t<div class=\"gallery gllr_grid\" data-gllr-columns=\"3\" data-gllr-border-width=\"4\">\n\t\t\t\t\t\t\t\t\t\t\t\t\t\t\t\t\t\t\t\t<div class=\"gllr_image_row\">\n\t\t\t\t\t\t\t\t\t\t\t\t\t\t\t\t\t\t\t\t\t<div class=\"gllr_image_block\">\n\t\t\t\t\t\t\t\t\t\t\t\t<p style=\"\n\t\t\t\t\t\t\t\t\t\t\t\twidth:188px;height:228px;\t\t\t\t\t\t\t\t\t\t\t\t\">\n\t\t\t\t\t\t\t\t\t\t\t\t\t\t\t\t\t\t\t\t\t\t\t\t\t\t\t\t<a data-fancybox=\"gallery_fancybox_6516\" href=\"https:\/\/argoxinexpert.com\/site\/wp-content\/uploads\/2014\/01\/abrazive1.jpg\" title=\"\" >\n\t\t\t\t\t\t\t\t\t\t\t\t\t\t\t\t<img decoding=\"async\" width=&quot;180&quot; height=&quot;220&quot; style=\"width:180px; height:220px; border-width: 4px; border-color:#548af0;border: 4px solid #548af0\" alt=\"\" title=\"\" src=\"https:\/\/argoxinexpert.com\/site\/wp-content\/uploads\/2014\/01\/abrazive1-180x220.jpg\" rel=\"https:\/\/argoxinexpert.com\/site\/wp-content\/uploads\/2014\/01\/abrazive1.jpg\" \/>\t\t\t\t\t\t\t\t\t\t\t\t\t\t\t<\/a>\n\t\t\t\t\t\t\t\t\t\t\t\t\t\t\t\t\t\t\t\t\t\t\t\t\t\t<\/p>\n\t\t\t\t\t\t\t\t\t\t\t\t\t\t\t\t\t\t\t\t\t\t\t\t\t<div \n\t\t\t\t\t\t\t\t\t\t\t\t\tstyle=\"width:188px;\"\t\t\t\t\t\t\t\t\t\t\t\t\tclass=\"gllr_single_image_text gllr_single_image_text_under\">&nbsp;<\/div>\n\t\t\t\t\t\t\t\t\t\t\t\t\t\t\t\t\t\t\t\t\t\t\t<\/div><!-- .gllr_image_block -->\n\t\t\t\t\t\t\t\t\t\t\t\t\t\t\t\t\t\t\t\t\t<div class=\"gllr_image_block\">\n\t\t\t\t\t\t\t\t\t\t\t\t<p style=\"\n\t\t\t\t\t\t\t\t\t\t\t\twidth:188px;height:228px;\t\t\t\t\t\t\t\t\t\t\t\t\">\n\t\t\t\t\t\t\t\t\t\t\t\t\t\t\t\t\t\t\t\t\t\t\t\t\t\t\t\t<a data-fancybox=\"gallery_fancybox_6516\" href=\"https:\/\/argoxinexpert.com\/site\/wp-content\/uploads\/2014\/01\/abrazive2.jpg\" title=\"\" >\n\t\t\t\t\t\t\t\t\t\t\t\t\t\t\t\t<img decoding=\"async\" width=&quot;180&quot; height=&quot;220&quot; style=\"width:180px; height:220px; border-width: 4px; border-color:#548af0;border: 4px solid #548af0\" alt=\"\" title=\"\" src=\"https:\/\/argoxinexpert.com\/site\/wp-content\/uploads\/2014\/01\/abrazive2-180x220.jpg\" rel=\"https:\/\/argoxinexpert.com\/site\/wp-content\/uploads\/2014\/01\/abrazive2.jpg\" \/>\t\t\t\t\t\t\t\t\t\t\t\t\t\t\t<\/a>\n\t\t\t\t\t\t\t\t\t\t\t\t\t\t\t\t\t\t\t\t\t\t\t\t\t\t<\/p>\n\t\t\t\t\t\t\t\t\t\t\t\t\t\t\t\t\t\t\t\t\t\t\t\t\t<div \n\t\t\t\t\t\t\t\t\t\t\t\t\tstyle=\"width:188px;\"\t\t\t\t\t\t\t\t\t\t\t\t\tclass=\"gllr_single_image_text gllr_single_image_text_under\">&nbsp;<\/div>\n\t\t\t\t\t\t\t\t\t\t\t\t\t\t\t\t\t\t\t\t\t\t\t<\/div><!-- .gllr_image_block -->\n\t\t\t\t\t\t\t\t\t\t\t\t\t\t\t\t\t\t\t\t\t<div class=\"gllr_image_block\">\n\t\t\t\t\t\t\t\t\t\t\t\t<p style=\"\n\t\t\t\t\t\t\t\t\t\t\t\twidth:188px;height:228px;\t\t\t\t\t\t\t\t\t\t\t\t\">\n\t\t\t\t\t\t\t\t\t\t\t\t\t\t\t\t\t\t\t\t\t\t\t\t\t\t\t\t<a data-fancybox=\"gallery_fancybox_6516\" href=\"https:\/\/argoxinexpert.com\/site\/wp-content\/uploads\/2014\/01\/abrazive6.jpeg\" title=\"\" >\n\t\t\t\t\t\t\t\t\t\t\t\t\t\t\t\t<img decoding=\"async\" width=&quot;180&quot; height=&quot;220&quot; style=\"width:180px; height:220px; border-width: 4px; border-color:#548af0;border: 4px solid #548af0\" alt=\"\" title=\"\" src=\"https:\/\/argoxinexpert.com\/site\/wp-content\/uploads\/2014\/01\/abrazive6-180x220.jpeg\" rel=\"https:\/\/argoxinexpert.com\/site\/wp-content\/uploads\/2014\/01\/abrazive6.jpeg\" \/>\t\t\t\t\t\t\t\t\t\t\t\t\t\t\t<\/a>\n\t\t\t\t\t\t\t\t\t\t\t\t\t\t\t\t\t\t\t\t\t\t\t\t\t\t<\/p>\n\t\t\t\t\t\t\t\t\t\t\t\t\t\t\t\t\t\t\t\t\t\t\t\t\t<div \n\t\t\t\t\t\t\t\t\t\t\t\t\tstyle=\"width:188px;\"\t\t\t\t\t\t\t\t\t\t\t\t\tclass=\"gllr_single_image_text gllr_single_image_text_under\">&nbsp;<\/div>\n\t\t\t\t\t\t\t\t\t\t\t\t\t\t\t\t\t\t\t\t\t\t\t<\/div><!-- .gllr_image_block -->\n\t\t\t\t\t\t\t\t\t\t\t\t\t\t\t\t\t\t\t\t\t<\/div><!-- .gllr_image_row -->\n\t\t\t\t\t\t\t\t\t\t\t\t\t\t\t\t\t\t\t\t\t\t<div class=\"gllr_image_row\">\n\t\t\t\t\t\t\t\t\t\t\t\t\t\t\t\t\t\t\t\t\t<div class=\"gllr_image_block\">\n\t\t\t\t\t\t\t\t\t\t\t\t<p style=\"\n\t\t\t\t\t\t\t\t\t\t\t\twidth:188px;height:228px;\t\t\t\t\t\t\t\t\t\t\t\t\">\n\t\t\t\t\t\t\t\t\t\t\t\t\t\t\t\t\t\t\t\t\t\t\t\t\t\t\t\t<a data-fancybox=\"gallery_fancybox_6516\" href=\"https:\/\/argoxinexpert.com\/site\/wp-content\/uploads\/2014\/01\/abrazive3.jpg\" title=\"\" >\n\t\t\t\t\t\t\t\t\t\t\t\t\t\t\t\t<img decoding=\"async\" width=&quot;180&quot; height=&quot;220&quot; style=\"width:180px; height:220px; border-width: 4px; border-color:#548af0;border: 4px solid #548af0\" alt=\"\" title=\"\" src=\"https:\/\/argoxinexpert.com\/site\/wp-content\/uploads\/2014\/01\/abrazive3-180x220.jpg\" rel=\"https:\/\/argoxinexpert.com\/site\/wp-content\/uploads\/2014\/01\/abrazive3.jpg\" \/>\t\t\t\t\t\t\t\t\t\t\t\t\t\t\t<\/a>\n\t\t\t\t\t\t\t\t\t\t\t\t\t\t\t\t\t\t\t\t\t\t\t\t\t\t<\/p>\n\t\t\t\t\t\t\t\t\t\t\t\t\t\t\t\t\t\t\t\t\t\t\t\t\t<div \n\t\t\t\t\t\t\t\t\t\t\t\t\tstyle=\"width:188px;\"\t\t\t\t\t\t\t\t\t\t\t\t\tclass=\"gllr_single_image_text gllr_single_image_text_under\">&nbsp;<\/div>\n\t\t\t\t\t\t\t\t\t\t\t\t\t\t\t\t\t\t\t\t\t\t\t<\/div><!-- .gllr_image_block -->\n\t\t\t\t\t\t\t\t\t\t\t\t\t\t\t\t\t\t\t\t\t<div class=\"gllr_image_block\">\n\t\t\t\t\t\t\t\t\t\t\t\t<p style=\"\n\t\t\t\t\t\t\t\t\t\t\t\twidth:188px;height:228px;\t\t\t\t\t\t\t\t\t\t\t\t\">\n\t\t\t\t\t\t\t\t\t\t\t\t\t\t\t\t\t\t\t\t\t\t\t\t\t\t\t\t<a data-fancybox=\"gallery_fancybox_6516\" href=\"https:\/\/argoxinexpert.com\/site\/wp-content\/uploads\/2014\/01\/abrazive4.jpeg\" title=\"\" >\n\t\t\t\t\t\t\t\t\t\t\t\t\t\t\t\t<img decoding=\"async\" width=&quot;180&quot; height=&quot;220&quot; style=\"width:180px; height:220px; border-width: 4px; border-color:#548af0;border: 4px solid #548af0\" alt=\"\" title=\"\" src=\"https:\/\/argoxinexpert.com\/site\/wp-content\/uploads\/2014\/01\/abrazive4-180x188.jpeg\" rel=\"https:\/\/argoxinexpert.com\/site\/wp-content\/uploads\/2014\/01\/abrazive4.jpeg\" \/>\t\t\t\t\t\t\t\t\t\t\t\t\t\t\t<\/a>\n\t\t\t\t\t\t\t\t\t\t\t\t\t\t\t\t\t\t\t\t\t\t\t\t\t\t<\/p>\n\t\t\t\t\t\t\t\t\t\t\t\t\t\t\t\t\t\t\t\t\t\t\t\t\t<div \n\t\t\t\t\t\t\t\t\t\t\t\t\tstyle=\"width:188px;\"\t\t\t\t\t\t\t\t\t\t\t\t\tclass=\"gllr_single_image_text gllr_single_image_text_under\">&nbsp;<\/div>\n\t\t\t\t\t\t\t\t\t\t\t\t\t\t\t\t\t\t\t\t\t\t\t<\/div><!-- .gllr_image_block -->\n\t\t\t\t\t\t\t\t\t\t\t\t\t\t\t\t\t\t\t\t\t<div class=\"gllr_image_block\">\n\t\t\t\t\t\t\t\t\t\t\t\t<p style=\"\n\t\t\t\t\t\t\t\t\t\t\t\twidth:188px;height:228px;\t\t\t\t\t\t\t\t\t\t\t\t\">\n\t\t\t\t\t\t\t\t\t\t\t\t\t\t\t\t\t\t\t\t\t\t\t\t\t\t\t\t<a data-fancybox=\"gallery_fancybox_6516\" href=\"https:\/\/argoxinexpert.com\/site\/wp-content\/uploads\/2014\/01\/abrazive5.jpg\" title=\"\" >\n\t\t\t\t\t\t\t\t\t\t\t\t\t\t\t\t<img decoding=\"async\" width=&quot;180&quot; height=&quot;220&quot; style=\"width:180px; height:220px; border-width: 4px; border-color:#548af0;border: 4px solid #548af0\" alt=\"\" title=\"\" src=\"https:\/\/argoxinexpert.com\/site\/wp-content\/uploads\/2014\/01\/abrazive5-180x220.jpg\" rel=\"https:\/\/argoxinexpert.com\/site\/wp-content\/uploads\/2014\/01\/abrazive5.jpg\" \/>\t\t\t\t\t\t\t\t\t\t\t\t\t\t\t<\/a>\n\t\t\t\t\t\t\t\t\t\t\t\t\t\t\t\t\t\t\t\t\t\t\t\t\t\t<\/p>\n\t\t\t\t\t\t\t\t\t\t\t\t\t\t\t\t\t\t\t\t\t\t\t\t\t<div \n\t\t\t\t\t\t\t\t\t\t\t\t\tstyle=\"width:188px;\"\t\t\t\t\t\t\t\t\t\t\t\t\tclass=\"gllr_single_image_text gllr_single_image_text_under\">&nbsp;<\/div>\n\t\t\t\t\t\t\t\t\t\t\t\t\t\t\t\t\t\t\t\t\t\t\t<\/div><!-- .gllr_image_block -->\n\t\t\t\t\t\t\t\t\t\t\t\t\t\t\t\t\t\t\t\t\t<\/div><!-- .gllr_image_row -->\n\t\t\t\t\t\t\t\t\t\t\t\t\t\t\t\t\t\t\t<\/div><!-- .gallery.clearfix -->\n\t\t\t\t\t\t\t\t\t\t\t\t\t\t<\/div><!-- .gallery_box_single -->\n\t\t\t\t\t\t<div class=\"gllr_clear\"><\/div>\n\t\t\t\t\t\t<\/code><\/p>\n<p>Produse abrazive de calitate superioar\u0103 oferite de c\u0103tre producatori renumiti ce \u00eendeplinesc cele mai ridicate cerin\u0163e privitoare la calitatea suprafe\u0163ei si durata de via\u0163\u0103. Oferim role abrazive, benzi abrazive, fibrodiscuri, coli abrazive, perii abrazive, discuri lamelare frontale, discuri de debitare si polizare, discuri diamantate si alte produse pentru prelucrarea suprafetelor<\/p>\n<p>[contact_form]<\/p>\n<p>&nbsp;<\/p>\n<p>[rev_slider produse]<\/p>\n","protected":false},"excerpt":{"rendered":"<p>Produse abrazive de calitate superioar\u0103 oferite de c\u0103tre producatori renumiti ce \u00eendeplinesc cele mai ridicate cerin\u0163e privitoare la calitatea suprafe\u0163ei si durata de via\u0163\u0103. Oferim role abrazive, benzi abrazive, fibrodiscuri, coli abrazive, perii abrazive, discuri lamelare frontale, discuri de debitare si polizare, discuri diamantate si alte produse pentru prelucrarea suprafetelor [contact_form] &nbsp; [rev_slider produse]<\/p>\n","protected":false},"author":1,"featured_media":0,"parent":6304,"menu_order":0,"comment_status":"open","ping_status":"open","template":"","meta":{"footnotes":""},"class_list":["post-6328","page","type-page","status-publish","hentry"],"_links":{"self":[{"href":"https:\/\/argoxinexpert.com\/site\/wp-json\/wp\/v2\/pages\/6328","targetHints":{"allow":["GET"]}}],"collection":[{"href":"https:\/\/argoxinexpert.com\/site\/wp-json\/wp\/v2\/pages"}],"about":[{"href":"https:\/\/argoxinexpert.com\/site\/wp-json\/wp\/v2\/types\/page"}],"author":[{"embeddable":true,"href":"https:\/\/argoxinexpert.com\/site\/wp-json\/wp\/v2\/users\/1"}],"replies":[{"embeddable":true,"href":"https:\/\/argoxinexpert.com\/site\/wp-json\/wp\/v2\/comments?post=6328"}],"version-history":[{"count":1,"href":"https:\/\/argoxinexpert.com\/site\/wp-json\/wp\/v2\/pages\/6328\/revisions"}],"predecessor-version":[{"id":6615,"href":"https:\/\/argoxinexpert.com\/site\/wp-json\/wp\/v2\/pages\/6328\/revisions\/6615"}],"up":[{"embeddable":true,"href":"https:\/\/argoxinexpert.com\/site\/wp-json\/wp\/v2\/pages\/6304"}],"wp:attachment":[{"href":"https:\/\/argoxinexpert.com\/site\/wp-json\/wp\/v2\/media?parent=6328"}],"curies":[{"name":"wp","href":"https:\/\/api.w.org\/{rel}","templated":true}]}}